{"id":123,"date":"2025-03-08T16:35:35","date_gmt":"2025-03-08T15:35:35","guid":{"rendered":"https:\/\/repcementise.hu\/?page_id=123"},"modified":"2025-03-08T16:38:17","modified_gmt":"2025-03-08T15:38:17","slug":"fenott","status":"publish","type":"page","link":"https:\/\/repcementise.hu\/index.php\/fenott\/","title":{"rendered":"V\u00e1rmegyei II. oszt\u00e1ly Nyugat"},"content":{"rendered":"\n<figure class=\"wp-block-table\"><table class=\"has-fixed-layout\"><tbody><tr><td><a href=\"https:\/\/adatbank.mlsz.hu\/player\/384874.html\">B\u00d6DECS BAL\u00c1ZS&nbsp;<\/a><\/td><\/tr><tr><td><a href=\"https:\/\/adatbank.mlsz.hu\/player\/240707.html\">B\u00d6DECS D\u00c1VID&nbsp;<\/a><\/td><\/tr><tr><td><a href=\"https:\/\/adatbank.mlsz.hu\/player\/353665.html\">CSIZMAZIA B\u00c1LINT&nbsp;<\/a><\/td><\/tr><tr><td><a href=\"https:\/\/adatbank.mlsz.hu\/player\/328295.html\">HORV\u00c1TH \u00c1RON&nbsp;<\/a><\/td><\/tr><tr><td><a href=\"https:\/\/adatbank.mlsz.hu\/player\/162799.html\">HORV\u00c1TH ISTV\u00c1N&nbsp;<\/a><\/td><\/tr><tr><td><a href=\"https:\/\/adatbank.mlsz.hu\/player\/328710.html\">HORV\u00c1TH PATRIK&nbsp;<\/a><\/td><\/tr><tr><td><a href=\"https:\/\/adatbank.mlsz.hu\/player\/461360.html\">KIS ATTILA&nbsp;<\/a><\/td><\/tr><tr><td><a href=\"https:\/\/adatbank.mlsz.hu\/player\/833012.html\">N\u00c9METH BAL\u00c1ZS<\/a><\/td><\/tr><tr><td><a href=\"https:\/\/adatbank.mlsz.hu\/player\/833010.html\">N\u00c9METH D\u00c1VID&nbsp;<\/a><\/td><\/tr><tr><td><a href=\"https:\/\/adatbank.mlsz.hu\/player\/348199.html\">N\u00c9METH M\u00c1T\u00c9 EL\u0150D&nbsp;<\/a><\/td><\/tr><tr><td><a href=\"https:\/\/adatbank.mlsz.hu\/player\/176351.html\">N\u00c9METH PATRIK&nbsp;<\/a><\/td><\/tr><tr><td><a href=\"https:\/\/adatbank.mlsz.hu\/player\/340090.html\">ORDASI DON\u00c1T&nbsp;<\/a><\/td><\/tr><tr><td><a href=\"https:\/\/adatbank.mlsz.hu\/player\/215930.html\">P\u00d3CZIK MARTIN&nbsp;<\/a><\/td><\/tr><tr><td><a href=\"https:\/\/adatbank.mlsz.hu\/player\/162584.html\">SIMON ISTV\u00c1N&nbsp;<\/a><\/td><\/tr><tr><td><a href=\"https:\/\/adatbank.mlsz.hu\/player\/526325.html\">SKULT\u00c9TY \u00c1D\u00c1M&nbsp;<\/a><\/td><\/tr><tr><td><a href=\"https:\/\/adatbank.mlsz.hu\/player\/311882.html\">SZALAI D\u00c1VID&nbsp;<\/a><\/td><\/tr><tr><td><a href=\"https:\/\/adatbank.mlsz.hu\/player\/371627.html\">SZITA J\u00d3ZSEF L\u00c1SZL\u00d3&nbsp;<\/a><\/td><\/tr><tr><td><a href=\"https:\/\/adatbank.mlsz.hu\/player\/339138.html\">SZ\u00dcCS \u00c1D\u00c1M&nbsp;<\/a><\/td><\/tr><tr><td><a href=\"https:\/\/adatbank.mlsz.hu\/player\/353662.html\">TAK\u00c1CS \u00c1KOS&nbsp;<\/a><\/td><\/tr><tr><td><a href=\"https:\/\/adatbank.mlsz.hu\/player\/478897.html\">TAK\u00c1CS BOTOND&nbsp;<\/a><\/td><\/tr><tr><td><a href=\"https:\/\/adatbank.mlsz.hu\/player\/60249.html\">TORMA JEN\u0150&nbsp;<\/a><\/td><\/tr><tr><td><a href=\"https:\/\/adatbank.mlsz.hu\/player\/179152.html\">VARGA BENCE&nbsp;<\/a><\/td><\/tr><\/tbody><\/table><\/figure>\n","protected":false},"excerpt":{"rendered":"<p>B\u00d6DECS BAL\u00c1ZS&nbsp; B\u00d6DECS D\u00c1VID&nbsp; CSIZMAZIA B\u00c1LINT&nbsp; HORV\u00c1TH \u00c1RON&nbsp; HORV\u00c1TH ISTV\u00c1N&nbsp; HORV\u00c1TH PATRIK&nbsp; KIS ATTILA&nbsp; N\u00c9METH BAL\u00c1ZS N\u00c9METH D\u00c1VID&nbsp; N\u00c9METH M\u00c1T\u00c9 EL\u0150D&nbsp; N\u00c9METH PATRIK&nbsp; ORDASI DON\u00c1T&nbsp; P\u00d3CZIK MARTIN&nbsp; SIMON ISTV\u00c1N&nbsp; SKULT\u00c9TY \u00c1D\u00c1M&nbsp; SZALAI D\u00c1VID&nbsp; SZITA J\u00d3ZSEF L\u00c1SZL\u00d3&nbsp; SZ\u00dcCS \u00c1D\u00c1M&nbsp; TAK\u00c1CS \u00c1KOS&nbsp; TAK\u00c1CS BOTOND&nbsp; TORMA JEN\u0150&nbsp; VARGA BENCE&nbsp;<\/p>\n","protected":false},"author":1,"featured_media":0,"parent":0,"menu_order":0,"comment_status":"closed","ping_status":"closed","template":"","meta":{"_eb_attr":"","footnotes":""},"class_list":["post-123","page","type-page","status-publish","hentry"],"_links":{"self":[{"href":"https:\/\/repcementise.hu\/index.php\/wp-json\/wp\/v2\/pages\/123"}],"collection":[{"href":"https:\/\/repcementise.hu\/index.php\/wp-json\/wp\/v2\/pages"}],"about":[{"href":"https:\/\/repcementise.hu\/index.php\/wp-json\/wp\/v2\/types\/page"}],"author":[{"embeddable":true,"href":"https:\/\/repcementise.hu\/index.php\/wp-json\/wp\/v2\/users\/1"}],"replies":[{"embeddable":true,"href":"https:\/\/repcementise.hu\/index.php\/wp-json\/wp\/v2\/comments?post=123"}],"version-history":[{"count":4,"href":"https:\/\/repcementise.hu\/index.php\/wp-json\/wp\/v2\/pages\/123\/revisions"}],"predecessor-version":[{"id":128,"href":"https:\/\/repcementise.hu\/index.php\/wp-json\/wp\/v2\/pages\/123\/revisions\/128"}],"wp:attachment":[{"href":"https:\/\/repcementise.hu\/index.php\/wp-json\/wp\/v2\/media?parent=123"}],"curies":[{"name":"wp","href":"https:\/\/api.w.org\/{rel}","templated":true}]}}