{"id":15,"date":"2024-10-30T23:56:24","date_gmt":"2024-10-30T22:56:24","guid":{"rendered":"http:\/\/repcementise.hu\/?page_id=15"},"modified":"2025-01-15T13:51:52","modified_gmt":"2025-01-15T12:51:52","slug":"bemutatkozas","status":"publish","type":"page","link":"https:\/\/repcementise.hu\/index.php\/bemutatkozas\/","title":{"rendered":"Bemutatkoz\u00e1s"},"content":{"rendered":"\n<p><\/p>\n\n\n\n<p>Legnagyobb \u00e9s legszeretettebb sportol\u00e1si lehet\u0151s\u00e9get fiataljaink sz\u00e1m\u00e1ra a 2003-ban, Cir\u00e1k \u00e9s Gy\u00f3r\u00f3 \u00f6nkorm\u00e1nyzataival k\u00f6z\u00f6sen l\u00e9trehozott R\u00e9pcementi SE, labdar\u00fag\u00f3 szakoszt\u00e1lya biztos\u00edt. 2005-2006-ban h\u00e1rom koroszt\u00e1llyal vesz\u00fcnk r\u00e9szt a Gy\u0151r-Moson-Sopron Megyei III. oszt\u00e1ly bajnoks\u00e1g\u00e1ban. Az egyes\u00fcletnek 65 igazolt j\u00e1t\u00e9kosa van, bele\u00e9rtve a &#8222;Bozsik&#8221; programban r\u00e9sztvev\u0151 7-10 \u00e9ves gyermekeket is.<\/p>\n","protected":false},"excerpt":{"rendered":"<p>Legnagyobb \u00e9s legszeretettebb sportol\u00e1si lehet\u0151s\u00e9get fiataljaink sz\u00e1m\u00e1ra a 2003-ban, Cir\u00e1k \u00e9s Gy\u00f3r\u00f3 \u00f6nkorm\u00e1nyzataival k\u00f6z\u00f6sen l\u00e9trehozott R\u00e9pcementi SE, labdar\u00fag\u00f3 szakoszt\u00e1lya biztos\u00edt. 2005-2006-ban h\u00e1rom koroszt\u00e1llyal vesz\u00fcnk r\u00e9szt a Gy\u0151r-Moson-Sopron Megyei III. oszt\u00e1ly bajnoks\u00e1g\u00e1ban. Az egyes\u00fcletnek 65 igazolt j\u00e1t\u00e9kosa van, bele\u00e9rtve a &#8222;Bozsik&#8221; programban r\u00e9sztvev\u0151 7-10 \u00e9ves gyermekeket is.<\/p>\n","protected":false},"author":1,"featured_media":0,"parent":0,"menu_order":0,"comment_status":"closed","ping_status":"closed","template":"","meta":{"_eb_attr":"","footnotes":""},"class_list":["post-15","page","type-page","status-publish","hentry"],"_links":{"self":[{"href":"https:\/\/repcementise.hu\/index.php\/wp-json\/wp\/v2\/pages\/15"}],"collection":[{"href":"https:\/\/repcementise.hu\/index.php\/wp-json\/wp\/v2\/pages"}],"about":[{"href":"https:\/\/repcementise.hu\/index.php\/wp-json\/wp\/v2\/types\/page"}],"author":[{"embeddable":true,"href":"https:\/\/repcementise.hu\/index.php\/wp-json\/wp\/v2\/users\/1"}],"replies":[{"embeddable":true,"href":"https:\/\/repcementise.hu\/index.php\/wp-json\/wp\/v2\/comments?post=15"}],"version-history":[{"count":2,"href":"https:\/\/repcementise.hu\/index.php\/wp-json\/wp\/v2\/pages\/15\/revisions"}],"predecessor-version":[{"id":78,"href":"https:\/\/repcementise.hu\/index.php\/wp-json\/wp\/v2\/pages\/15\/revisions\/78"}],"wp:attachment":[{"href":"https:\/\/repcementise.hu\/index.php\/wp-json\/wp\/v2\/media?parent=15"}],"curies":[{"name":"wp","href":"https:\/\/api.w.org\/{rel}","templated":true}]}}