{"id":27,"date":"2024-10-31T00:06:56","date_gmt":"2024-10-30T23:06:56","guid":{"rendered":"http:\/\/repcementise.hu\/?page_id=27"},"modified":"2025-02-04T20:09:38","modified_gmt":"2025-02-04T19:09:38","slug":"u13","status":"publish","type":"page","link":"https:\/\/repcementise.hu\/index.php\/u13\/","title":{"rendered":"U13 &#8211; j\u00e1t\u00e9kosok"},"content":{"rendered":"\n<p><\/p>\n\n\n\n<figure class=\"wp-block-table\"><table class=\"has-fixed-layout\"><tbody><tr><td><a href=\"https:\/\/adatbank.mlsz.hu\/player\/1428751.html\">BENK\u0150 \u00c1RP\u00c1D&nbsp;<\/a><\/td><\/tr><tr><td><a href=\"https:\/\/adatbank.mlsz.hu\/player\/1404429.html\">HIDEGH FL\u00d3RI\u00c1N&nbsp;<\/a><\/td><\/tr><tr><td><a href=\"https:\/\/adatbank.mlsz.hu\/player\/1428752.html\">HIRSCH FERENC&nbsp;<\/a><\/td><\/tr><tr><td><a href=\"https:\/\/adatbank.mlsz.hu\/player\/1404439.html\">HORV\u00c1TH BOLDIZS\u00c1R&nbsp;<\/a><\/td><\/tr><tr><td><a href=\"https:\/\/adatbank.mlsz.hu\/player\/1423726.html\">J\u00d3N\u00c1S ALEX&nbsp;<\/a><\/td><\/tr><tr><td><a href=\"https:\/\/adatbank.mlsz.hu\/player\/1060734.html\">KONCZ FERENC&nbsp;<\/a><\/td><\/tr><tr><td><a href=\"https:\/\/adatbank.mlsz.hu\/player\/1428753.html\">MAROSK\u00d6VI ALEXANDER&nbsp;<\/a><\/td><\/tr><tr><td><a href=\"https:\/\/adatbank.mlsz.hu\/player\/1159799.html\">NAGYFI-TAK\u00c1CS BENCE&nbsp;<\/a><\/td><\/tr><tr><td><a href=\"https:\/\/adatbank.mlsz.hu\/player\/1404464.html\">P\u00c1LINK\u00c1S J\u00c1NOS BENJAMIN&nbsp;<\/a><\/td><\/tr><tr><td><a href=\"https:\/\/adatbank.mlsz.hu\/player\/1246096.html\">PALKOVICS LEVENTE&nbsp;<\/a><\/td><\/tr><tr><td><a href=\"https:\/\/adatbank.mlsz.hu\/player\/1195932.html\">PRAJCZER D\u00c1VID&nbsp;<\/a><\/td><\/tr><tr><td><a href=\"https:\/\/adatbank.mlsz.hu\/player\/1428749.html\">RUDI GERG\u0150&nbsp;<\/a><\/td><\/tr><tr><td><a href=\"https:\/\/adatbank.mlsz.hu\/player\/1428218.html\">VAJDA DOMINIK&nbsp;<\/a><\/td><\/tr><\/tbody><\/table><\/figure>\n","protected":false},"excerpt":{"rendered":"<p>BENK\u0150 \u00c1RP\u00c1D&nbsp; HIDEGH FL\u00d3RI\u00c1N&nbsp; HIRSCH FERENC&nbsp; HORV\u00c1TH BOLDIZS\u00c1R&nbsp; J\u00d3N\u00c1S ALEX&nbsp; KONCZ FERENC&nbsp; MAROSK\u00d6VI ALEXANDER&nbsp; NAGYFI-TAK\u00c1CS BENCE&nbsp; P\u00c1LINK\u00c1S J\u00c1NOS BENJAMIN&nbsp; PALKOVICS LEVENTE&nbsp; PRAJCZER D\u00c1VID&nbsp; RUDI GERG\u0150&nbsp; VAJDA DOMINIK&nbsp;<\/p>\n","protected":false},"author":1,"featured_media":0,"parent":0,"menu_order":0,"comment_status":"closed","ping_status":"closed","template":"","meta":{"_eb_attr":"","footnotes":""},"class_list":["post-27","page","type-page","status-publish","hentry"],"_links":{"self":[{"href":"https:\/\/repcementise.hu\/index.php\/wp-json\/wp\/v2\/pages\/27"}],"collection":[{"href":"https:\/\/repcementise.hu\/index.php\/wp-json\/wp\/v2\/pages"}],"about":[{"href":"https:\/\/repcementise.hu\/index.php\/wp-json\/wp\/v2\/types\/page"}],"author":[{"embeddable":true,"href":"https:\/\/repcementise.hu\/index.php\/wp-json\/wp\/v2\/users\/1"}],"replies":[{"embeddable":true,"href":"https:\/\/repcementise.hu\/index.php\/wp-json\/wp\/v2\/comments?post=27"}],"version-history":[{"count":3,"href":"https:\/\/repcementise.hu\/index.php\/wp-json\/wp\/v2\/pages\/27\/revisions"}],"predecessor-version":[{"id":72,"href":"https:\/\/repcementise.hu\/index.php\/wp-json\/wp\/v2\/pages\/27\/revisions\/72"}],"wp:attachment":[{"href":"https:\/\/repcementise.hu\/index.php\/wp-json\/wp\/v2\/media?parent=27"}],"curies":[{"name":"wp","href":"https:\/\/api.w.org\/{rel}","templated":true}]}}