{"id":28,"date":"2024-10-31T00:06:56","date_gmt":"2024-10-30T23:06:56","guid":{"rendered":"http:\/\/repcementise.hu\/?page_id=28"},"modified":"2025-02-04T19:51:05","modified_gmt":"2025-02-04T18:51:05","slug":"u19","status":"publish","type":"page","link":"https:\/\/repcementise.hu\/index.php\/u19\/","title":{"rendered":"U19 \u2013 J\u00e1t\u00e9kosok"},"content":{"rendered":"\n<p><\/p>\n\n\n\n<figure class=\"wp-block-table\"><table class=\"has-fixed-layout\"><tbody><tr><td><a href=\"https:\/\/adatbank.mlsz.hu\/player\/802954.html\">BOGN\u00c1R CSABA&nbsp;<\/a><\/td><\/tr><tr><td><a href=\"https:\/\/adatbank.mlsz.hu\/player\/541537.html\">BOKOR M\u00c1RK&nbsp;<\/a><\/td><\/tr><tr><td><a href=\"https:\/\/adatbank.mlsz.hu\/player\/802944.html\">F\u00d6LDES M\u00c1RK&nbsp;<\/a><\/td><\/tr><tr><td><a href=\"https:\/\/adatbank.mlsz.hu\/player\/802945.html\">F\u00d6LDES M\u00c1T\u00c9&nbsp;<\/a><\/td><\/tr><tr><td><a href=\"https:\/\/adatbank.mlsz.hu\/player\/227577.html\">G\u00d6MB\u00d6CZ P\u00c9TER&nbsp;<\/a><\/td><\/tr><tr><td><a href=\"https:\/\/adatbank.mlsz.hu\/player\/439072.html\">GY\u0170R\u0170 IMRE&nbsp;<\/a><\/td><\/tr><tr><td><a href=\"https:\/\/adatbank.mlsz.hu\/player\/702767.html\">HORV\u00c1TH BAL\u00c1ZS LEVENTE&nbsp;<\/a><\/td><\/tr><tr><td><a href=\"https:\/\/adatbank.mlsz.hu\/player\/1428303.html\">KMECZIK Z\u00c9T\u00c9NY \u00c1BRIS&nbsp;<\/a><\/td><\/tr><tr><td><a href=\"https:\/\/adatbank.mlsz.hu\/player\/432397.html\">KOV\u00c1CS D\u00c1VID&nbsp;<\/a><\/td><\/tr><tr><td><a href=\"https:\/\/adatbank.mlsz.hu\/player\/1150240.html\">KRIZS\u00c1K \u00c1RON&nbsp;<\/a><\/td><\/tr><tr><td><a href=\"https:\/\/adatbank.mlsz.hu\/player\/590314.html\">NAGY \u00c1RMIN IMRE&nbsp;<\/a><\/td><\/tr><tr><td><a href=\"https:\/\/adatbank.mlsz.hu\/player\/589349.html\">NAGY D\u00c9NES&nbsp;<\/a><\/td><\/tr><tr><td><a href=\"https:\/\/adatbank.mlsz.hu\/player\/833012.html\">N\u00c9METH BAL\u00c1ZS&nbsp;<\/a><\/td><\/tr><tr><td><a href=\"https:\/\/adatbank.mlsz.hu\/player\/833010.html\">N\u00c9METH D\u00c1VID&nbsp;<\/a><\/td><\/tr><tr><td><a href=\"https:\/\/adatbank.mlsz.hu\/player\/1191364.html\">N\u00c9METH LEVENTE&nbsp;<\/a><\/td><\/tr><tr><td><a href=\"https:\/\/adatbank.mlsz.hu\/player\/348199.html\">N\u00c9METH M\u00c1T\u00c9 EL\u0150D&nbsp;<\/a><\/td><\/tr><tr><td><a href=\"https:\/\/adatbank.mlsz.hu\/player\/989596.html\">\u00d3DOR \u00c1RMIN&nbsp;<\/a><\/td><\/tr><tr><td><a href=\"https:\/\/adatbank.mlsz.hu\/player\/340090.html\">ORDASI DON\u00c1T&nbsp;<\/a><\/td><\/tr><tr><td><a href=\"https:\/\/adatbank.mlsz.hu\/player\/732013.html\">P\u00c1L KRISZTI\u00c1N IMRE&nbsp;<\/a><\/td><\/tr><tr><td><a href=\"https:\/\/adatbank.mlsz.hu\/player\/717791.html\">PUSZTAI KEVIN NOEL&nbsp;<\/a><\/td><\/tr><tr><td><a href=\"https:\/\/adatbank.mlsz.hu\/player\/337362.html\">SEREG\u00c9LY G\u00c1BOR&nbsp;<\/a><\/td><\/tr><tr><td><a href=\"https:\/\/adatbank.mlsz.hu\/player\/353662.html\">TAK\u00c1CS \u00c1KOS&nbsp;<\/a><\/td><\/tr><tr><td><a href=\"https:\/\/adatbank.mlsz.hu\/player\/478897.html\">TAK\u00c1CS BOTOND&nbsp;<\/a><\/td><\/tr><tr><td><a href=\"https:\/\/adatbank.mlsz.hu\/player\/1360208.html\">VAJDA ALEX CSABA&nbsp;<\/a><\/td><\/tr><\/tbody><\/table><\/figure>\n","protected":false},"excerpt":{"rendered":"<p>BOGN\u00c1R CSABA&nbsp; BOKOR M\u00c1RK&nbsp; F\u00d6LDES M\u00c1RK&nbsp; F\u00d6LDES M\u00c1T\u00c9&nbsp; G\u00d6MB\u00d6CZ P\u00c9TER&nbsp; GY\u0170R\u0170 IMRE&nbsp; HORV\u00c1TH BAL\u00c1ZS LEVENTE&nbsp; KMECZIK Z\u00c9T\u00c9NY \u00c1BRIS&nbsp; KOV\u00c1CS D\u00c1VID&nbsp; KRIZS\u00c1K \u00c1RON&nbsp; NAGY \u00c1RMIN IMRE&nbsp; NAGY D\u00c9NES&nbsp; N\u00c9METH BAL\u00c1ZS&nbsp; N\u00c9METH D\u00c1VID&nbsp; N\u00c9METH LEVENTE&nbsp; N\u00c9METH M\u00c1T\u00c9 EL\u0150D&nbsp; \u00d3DOR \u00c1RMIN&nbsp; ORDASI DON\u00c1T&nbsp; P\u00c1L KRISZTI\u00c1N IMRE&nbsp; PUSZTAI KEVIN NOEL&nbsp; SEREG\u00c9LY G\u00c1BOR&nbsp; TAK\u00c1CS \u00c1KOS&nbsp; TAK\u00c1CS BOTOND&nbsp; VAJDA ALEX CSABA&nbsp;<\/p>\n","protected":false},"author":1,"featured_media":0,"parent":0,"menu_order":0,"comment_status":"closed","ping_status":"closed","template":"","meta":{"_eb_attr":"","footnotes":""},"class_list":["post-28","page","type-page","status-publish","hentry"],"_links":{"self":[{"href":"https:\/\/repcementise.hu\/index.php\/wp-json\/wp\/v2\/pages\/28"}],"collection":[{"href":"https:\/\/repcementise.hu\/index.php\/wp-json\/wp\/v2\/pages"}],"about":[{"href":"https:\/\/repcementise.hu\/index.php\/wp-json\/wp\/v2\/types\/page"}],"author":[{"embeddable":true,"href":"https:\/\/repcementise.hu\/index.php\/wp-json\/wp\/v2\/users\/1"}],"replies":[{"embeddable":true,"href":"https:\/\/repcementise.hu\/index.php\/wp-json\/wp\/v2\/comments?post=28"}],"version-history":[{"count":2,"href":"https:\/\/repcementise.hu\/index.php\/wp-json\/wp\/v2\/pages\/28\/revisions"}],"predecessor-version":[{"id":93,"href":"https:\/\/repcementise.hu\/index.php\/wp-json\/wp\/v2\/pages\/28\/revisions\/93"}],"wp:attachment":[{"href":"https:\/\/repcementise.hu\/index.php\/wp-json\/wp\/v2\/media?parent=28"}],"curies":[{"name":"wp","href":"https:\/\/api.w.org\/{rel}","templated":true}]}}